{"id":8597,"date":"2022-05-11T11:36:48","date_gmt":"2022-05-11T18:36:48","guid":{"rendered":"https:\/\/www.sweeperschool.com\/napsa\/"},"modified":"2022-05-11T11:51:49","modified_gmt":"2022-05-11T18:51:49","slug":"napsa","status":"publish","type":"page","link":"https:\/\/www.sweeperschool.com\/es\/napsa\/","title":{"rendered":"NAPSA"},"content":{"rendered":"<div id=\"hero\" class=\"home-hero\"><img decoding=\"async\" src=\"\/wp-content\/uploads\/2019\/12\/napsa-hero.jpg\" alt=\"Barrido de la construcci\u00f3n - North American Power Sweeping Association\"><\/div>\n<p><!-- #hero --><\/p>\n<div class=\"content-wrap center-text\" style=\"padding-top: 0;\">\n<div class=\"oval-logo\"><img decoding=\"async\" src=\"\/wp-content\/uploads\/2019\/12\/napsa-high-res.png\" alt=\"North American Power Sweeping Association\"><\/div>\n<h1 style=\"padding-top: 2rem;\">Asociaci\u00f3n Norteamericana de Barrido El\u00e9ctrico<\/h1>\n<p><strong>Apoyo a los miembros y mejora de los servicios a la industria del barrido<\/strong><\/p>\n<p>La North American Power Sweeping Association (NAPSA) es una asociaci\u00f3n sin \u00e1nimo de lucro formada por m\u00e1s de 300 barrenderos contratados, proveedores de servicios y distribuidores, fabricantes y proveedores de equipos de barrido. Nos dedicamos a proporcionar un apoyo beneficioso a nuestros miembros y a la industria del barrido.<\/p>\n<\/div>\n<div class=\"napsa-benefits-wrap\" style=\"margin-bottom: 0;\">\n<div class=\"content-wrap center-text\" style=\"padding-top: 0;\">\n<h2 class=\"greenh2\" style=\"text-align: center;\">Beneficios de los miembros de NAPSA para la escuela de barrenderos<\/h2>\n<div class=\"napsa-benefits\">\n<div class=\"sep\"><\/div>\n<h3>Obtenga descuentos<br \/>en los cursos<\/h3>\n<div>\n<strong>Obtenga importantes descuentos en los cursos de la Escuela de Barredores<\/strong><\/p>\n<p>Los miembros de NAPSA obtienen importantes descuentos en todos los cursos de los programas CSO, CSM y Fleet Basics en sweeperschool.com. <strong>P\u00f3ngase en contacto con NAPSA<\/strong> para obtener sus c\u00f3digos de descuento.\n<\/div>\n<div class=\"sep\"><\/div>\n<h3>Seguimiento del progreso<br \/>delos empleados<\/h3>\n<div>\n<strong>Obtenga acceso exclusivo a una herramienta de informaci\u00f3n para empleados<\/strong><\/p>\n<p>Como miembro de la NAPSA, los propietarios y gerentes de las empresas tienen acceso a una herramienta exclusiva de informes que le permitir\u00e1 controlar el progreso de sus empleados en todos los cursos de la Escuela de Barredores.\n<\/p><\/div>\n<div class=\"sep\"><\/div>\n<h3>Empresa de barrido<br \/>con certificaci\u00f3n NAPSA<\/h3>\n<div>\n<strong>Convertirse en una empresa de barrido certificada demuestra el compromiso de su empresa con la calidad.<\/strong><\/p>\n<p>La afiliaci\u00f3n a la NAPSA es un componente clave para convertirse en una empresa de barrido certificada. Los otros dos requisitos son tener al menos un director de barredora certificado y un operador de barredora certificado. \u00danase a la NAPSA y obtenga la certificaci\u00f3n hoy mismo.\n<\/p><\/div>\n<\/div>\n<p><a class=\"primary-btn\" href=\"https:\/\/www.powersweeping.org\/membership\/\" target=\"_blank\" rel=\"noopener noreferrer\"><span>M\u00e1s informaci\u00f3n<span><\/span><\/span><\/a>\n<\/div>\n<\/div>\n<p><!-- \n\n<div class=\"content-wrap center-text\" style=\"padding-top: 0;\">\n\n\n<h2 class=\"greenh2\">Additional Benefits for NAPSA Members<\/h2>\n\n\n\n\n<ul class=\"check-list alt-check-list\" style=\"text-align:left; display:inline-block; margin:0 auto;\">\n \t\n\n<li><strong>Sweeping Contractor Locator<\/strong>\nYour company listed on a NAPSA webpage for customers to see.<\/li>\n\n\n \t\n\n<li><strong>Marketing<\/strong>\nMarketing resources to help you grow your business.<\/li>\n\n\n \t\n\n<li><strong>Financing Resources<\/strong>\nCredit card processing &amp; fuel rebate.<\/li>\n\n\n \t\n\n<li><strong>Insurance<\/strong>\nPavement maintenance insurance program.<\/li>\n\n\n \t\n\n<li><strong>Human Resources<\/strong>\nProfessional employment and Labor Law Counsel benefit.<\/li>\n\n\n \t\n\n<li><strong>Supplier Discounts\/Truck Sales<\/strong>\nDiscounts on sweepers, trucks, and parts.<\/li>\n\n\n<\/ul>\n\n\n<\/div>\n\n\n--><!-- .content-wrap --><\/p>\n<div id=\"napsa-benefits\">\n<h2>Vea nuestra lista completa de beneficios y detalles de afiliaci\u00f3n<\/h2>\n<p><img decoding=\"async\" style=\"width: 400px; margin: 0 auto; margin-top: 2rem; margin-bottom: 3rem; max-width: 90%;\" src=\"\/wp-content\/uploads\/2019\/12\/napsa-light.png\" alt=\"North American Power Sweeping Association\"><\/p>\n<div class=\"clear\"><\/div>\n<p><a class=\"primary-btn\" href=\"https:\/\/www.powersweeping.org\/membership\/member-benefits\/\" target=\"_blank\" rel=\"noopener noreferrer\"><span>M\u00e1s informaci\u00f3n<span><\/span><\/span><\/a>\n<\/div>\n<p><!-- #napsa-benefits --><\/p>\n","protected":false},"excerpt":{"rendered":"<p>Asociaci\u00f3n Norteamericana de Barrido El\u00e9ctrico Apoyo a los miembros y mejora de los servicios a la industria del barrido La North American Power Sweeping Association (NAPSA) es una asociaci\u00f3n sin \u00e1nimo de lucro formada por m\u00e1s de 300 barrenderos contratados, proveedores de servicios y distribuidores, fabricantes y proveedores de equipos de barrido. Nos dedicamos a [&hellip;]<\/p>\n","protected":false},"author":51,"featured_media":0,"parent":0,"menu_order":0,"comment_status":"closed","ping_status":"closed","template":"full-width-template.php","meta":{"footnotes":""},"class_list":["post-8597","page","type-page","status-publish","hentry"],"yoast_head":"<!-- This site is optimized with the Yoast SEO plugin v27.3 - https:\/\/yoast.com\/product\/yoast-seo-wordpress\/ -->\n<title>Beneficios de unirse a la Asociaci\u00f3n Norteamericana de Barrido El\u00e9ctrico (NAPSA)<\/title>\n<meta name=\"description\" content=\"La North American Power Sweeping Association (NAPSA) es una asociaci\u00f3n sin \u00e1nimo de lucro formada por m\u00e1s de 300 barrenderos contratados, proveedores de servicios y distribuidores, fabricantes y proveedores de equipos de barrido.\" \/>\n<meta name=\"robots\" content=\"index, follow, max-snippet:-1, max-image-preview:large, max-video-preview:-1\" \/>\n<link rel=\"canonical\" href=\"https:\/\/www.sweeperschool.com\/es\/napsa\/\" \/>\n<meta property=\"og:locale\" content=\"es_ES\" \/>\n<meta property=\"og:type\" content=\"article\" \/>\n<meta property=\"og:title\" content=\"Beneficios de unirse a la Asociaci\u00f3n Norteamericana de Barrido El\u00e9ctrico (NAPSA)\" \/>\n<meta property=\"og:description\" content=\"La North American Power Sweeping Association (NAPSA) es una asociaci\u00f3n sin \u00e1nimo de lucro formada por m\u00e1s de 300 barrenderos contratados, proveedores de servicios y distribuidores, fabricantes y proveedores de equipos de barrido.\" \/>\n<meta property=\"og:url\" content=\"https:\/\/www.sweeperschool.com\/es\/napsa\/\" \/>\n<meta property=\"og:site_name\" content=\"Certified Sweeping Industry Education\" \/>\n<meta property=\"article:modified_time\" content=\"2022-05-11T18:51:49+00:00\" \/>\n<meta property=\"og:image\" content=\"https:\/\/www.sweeperschool.com\/wp-content\/uploads\/2019\/12\/napsa-hero.jpg\" \/>\n<meta name=\"twitter:card\" content=\"summary_large_image\" \/>\n<meta name=\"twitter:label1\" content=\"Tiempo de lectura\" \/>\n\t<meta name=\"twitter:data1\" content=\"1 minuto\" \/>\n<script type=\"application\/ld+json\" class=\"yoast-schema-graph\">{\"@context\":\"https:\\\/\\\/schema.org\",\"@graph\":[{\"@type\":\"WebPage\",\"@id\":\"https:\\\/\\\/www.sweeperschool.com\\\/es\\\/napsa\\\/\",\"url\":\"https:\\\/\\\/www.sweeperschool.com\\\/es\\\/napsa\\\/\",\"name\":\"Beneficios de unirse a la Asociaci\u00f3n Norteamericana de Barrido El\u00e9ctrico (NAPSA)\",\"isPartOf\":{\"@id\":\"https:\\\/\\\/www.sweeperschool.com\\\/#website\"},\"datePublished\":\"2022-05-11T18:36:48+00:00\",\"dateModified\":\"2022-05-11T18:51:49+00:00\",\"description\":\"La North American Power Sweeping Association (NAPSA) es una asociaci\u00f3n sin \u00e1nimo de lucro formada por m\u00e1s de 300 barrenderos contratados, proveedores de servicios y distribuidores, fabricantes y proveedores de equipos de barrido.\",\"breadcrumb\":{\"@id\":\"https:\\\/\\\/www.sweeperschool.com\\\/es\\\/napsa\\\/#breadcrumb\"},\"inLanguage\":\"es\",\"potentialAction\":[{\"@type\":\"ReadAction\",\"target\":[\"https:\\\/\\\/www.sweeperschool.com\\\/es\\\/napsa\\\/\"]}]},{\"@type\":\"BreadcrumbList\",\"@id\":\"https:\\\/\\\/www.sweeperschool.com\\\/es\\\/napsa\\\/#breadcrumb\",\"itemListElement\":[{\"@type\":\"ListItem\",\"position\":1,\"name\":\"Home\",\"item\":\"https:\\\/\\\/www.sweeperschool.com\\\/es\\\/\"},{\"@type\":\"ListItem\",\"position\":2,\"name\":\"NAPSA\"}]},{\"@type\":\"WebSite\",\"@id\":\"https:\\\/\\\/www.sweeperschool.com\\\/#website\",\"url\":\"https:\\\/\\\/www.sweeperschool.com\\\/\",\"name\":\"Certified Sweeping Industry Education\",\"description\":\"North American Power Sweeping Association\",\"publisher\":{\"@id\":\"https:\\\/\\\/www.sweeperschool.com\\\/#organization\"},\"potentialAction\":[{\"@type\":\"SearchAction\",\"target\":{\"@type\":\"EntryPoint\",\"urlTemplate\":\"https:\\\/\\\/www.sweeperschool.com\\\/?s={search_term_string}\"},\"query-input\":{\"@type\":\"PropertyValueSpecification\",\"valueRequired\":true,\"valueName\":\"search_term_string\"}}],\"inLanguage\":\"es\"},{\"@type\":\"Organization\",\"@id\":\"https:\\\/\\\/www.sweeperschool.com\\\/#organization\",\"name\":\"Certified Sweeping Industry Education\",\"url\":\"https:\\\/\\\/www.sweeperschool.com\\\/\",\"logo\":{\"@type\":\"ImageObject\",\"inLanguage\":\"es\",\"@id\":\"https:\\\/\\\/www.sweeperschool.com\\\/#\\\/schema\\\/logo\\\/image\\\/\",\"url\":\"https:\\\/\\\/www.sweeperschool.com\\\/wp-content\\\/uploads\\\/2019\\\/10\\\/cropped-sweeperschool-logo.png\",\"contentUrl\":\"https:\\\/\\\/www.sweeperschool.com\\\/wp-content\\\/uploads\\\/2019\\\/10\\\/cropped-sweeperschool-logo.png\",\"width\":717,\"height\":110,\"caption\":\"Certified Sweeping Industry Education\"},\"image\":{\"@id\":\"https:\\\/\\\/www.sweeperschool.com\\\/#\\\/schema\\\/logo\\\/image\\\/\"}}]}<\/script>\n<!-- \/ Yoast SEO plugin. -->","yoast_head_json":{"title":"Beneficios de unirse a la Asociaci\u00f3n Norteamericana de Barrido El\u00e9ctrico (NAPSA)","description":"La North American Power Sweeping Association (NAPSA) es una asociaci\u00f3n sin \u00e1nimo de lucro formada por m\u00e1s de 300 barrenderos contratados, proveedores de servicios y distribuidores, fabricantes y proveedores de equipos de barrido.","robots":{"index":"index","follow":"follow","max-snippet":"max-snippet:-1","max-image-preview":"max-image-preview:large","max-video-preview":"max-video-preview:-1"},"canonical":"https:\/\/www.sweeperschool.com\/es\/napsa\/","og_locale":"es_ES","og_type":"article","og_title":"Beneficios de unirse a la Asociaci\u00f3n Norteamericana de Barrido El\u00e9ctrico (NAPSA)","og_description":"La North American Power Sweeping Association (NAPSA) es una asociaci\u00f3n sin \u00e1nimo de lucro formada por m\u00e1s de 300 barrenderos contratados, proveedores de servicios y distribuidores, fabricantes y proveedores de equipos de barrido.","og_url":"https:\/\/www.sweeperschool.com\/es\/napsa\/","og_site_name":"Certified Sweeping Industry Education","article_modified_time":"2022-05-11T18:51:49+00:00","og_image":[{"url":"https:\/\/www.sweeperschool.com\/wp-content\/uploads\/2019\/12\/napsa-hero.jpg","type":"","width":"","height":""}],"twitter_card":"summary_large_image","twitter_misc":{"Tiempo de lectura":"1 minuto"},"schema":{"@context":"https:\/\/schema.org","@graph":[{"@type":"WebPage","@id":"https:\/\/www.sweeperschool.com\/es\/napsa\/","url":"https:\/\/www.sweeperschool.com\/es\/napsa\/","name":"Beneficios de unirse a la Asociaci\u00f3n Norteamericana de Barrido El\u00e9ctrico (NAPSA)","isPartOf":{"@id":"https:\/\/www.sweeperschool.com\/#website"},"datePublished":"2022-05-11T18:36:48+00:00","dateModified":"2022-05-11T18:51:49+00:00","description":"La North American Power Sweeping Association (NAPSA) es una asociaci\u00f3n sin \u00e1nimo de lucro formada por m\u00e1s de 300 barrenderos contratados, proveedores de servicios y distribuidores, fabricantes y proveedores de equipos de barrido.","breadcrumb":{"@id":"https:\/\/www.sweeperschool.com\/es\/napsa\/#breadcrumb"},"inLanguage":"es","potentialAction":[{"@type":"ReadAction","target":["https:\/\/www.sweeperschool.com\/es\/napsa\/"]}]},{"@type":"BreadcrumbList","@id":"https:\/\/www.sweeperschool.com\/es\/napsa\/#breadcrumb","itemListElement":[{"@type":"ListItem","position":1,"name":"Home","item":"https:\/\/www.sweeperschool.com\/es\/"},{"@type":"ListItem","position":2,"name":"NAPSA"}]},{"@type":"WebSite","@id":"https:\/\/www.sweeperschool.com\/#website","url":"https:\/\/www.sweeperschool.com\/","name":"Certified Sweeping Industry Education","description":"North American Power Sweeping Association","publisher":{"@id":"https:\/\/www.sweeperschool.com\/#organization"},"potentialAction":[{"@type":"SearchAction","target":{"@type":"EntryPoint","urlTemplate":"https:\/\/www.sweeperschool.com\/?s={search_term_string}"},"query-input":{"@type":"PropertyValueSpecification","valueRequired":true,"valueName":"search_term_string"}}],"inLanguage":"es"},{"@type":"Organization","@id":"https:\/\/www.sweeperschool.com\/#organization","name":"Certified Sweeping Industry Education","url":"https:\/\/www.sweeperschool.com\/","logo":{"@type":"ImageObject","inLanguage":"es","@id":"https:\/\/www.sweeperschool.com\/#\/schema\/logo\/image\/","url":"https:\/\/www.sweeperschool.com\/wp-content\/uploads\/2019\/10\/cropped-sweeperschool-logo.png","contentUrl":"https:\/\/www.sweeperschool.com\/wp-content\/uploads\/2019\/10\/cropped-sweeperschool-logo.png","width":717,"height":110,"caption":"Certified Sweeping Industry Education"},"image":{"@id":"https:\/\/www.sweeperschool.com\/#\/schema\/logo\/image\/"}}]}},"_links":{"self":[{"href":"https:\/\/www.sweeperschool.com\/es\/wp-json\/wp\/v2\/pages\/8597","targetHints":{"allow":["GET"]}}],"collection":[{"href":"https:\/\/www.sweeperschool.com\/es\/wp-json\/wp\/v2\/pages"}],"about":[{"href":"https:\/\/www.sweeperschool.com\/es\/wp-json\/wp\/v2\/types\/page"}],"author":[{"embeddable":true,"href":"https:\/\/www.sweeperschool.com\/es\/wp-json\/wp\/v2\/users\/51"}],"replies":[{"embeddable":true,"href":"https:\/\/www.sweeperschool.com\/es\/wp-json\/wp\/v2\/comments?post=8597"}],"version-history":[{"count":0,"href":"https:\/\/www.sweeperschool.com\/es\/wp-json\/wp\/v2\/pages\/8597\/revisions"}],"wp:attachment":[{"href":"https:\/\/www.sweeperschool.com\/es\/wp-json\/wp\/v2\/media?parent=8597"}],"curies":[{"name":"wp","href":"https:\/\/api.w.org\/{rel}","templated":true}]}}