{"id":8599,"date":"2022-05-11T12:53:40","date_gmt":"2022-05-11T19:53:40","guid":{"rendered":"https:\/\/www.sweeperschool.com\/cursos\/"},"modified":"2022-05-11T12:53:40","modified_gmt":"2022-05-11T19:53:40","slug":"cursos","status":"publish","type":"page","link":"https:\/\/www.sweeperschool.com\/es\/cursos\/","title":{"rendered":"Cursos"},"content":{"rendered":"\n<ul class=\"course-container columns-1\" >\n\n\t\n\t\n<li class=\"loop-item-number-1 post-6294 course type-course status-publish has-post-thumbnail hentry module-1-vision-general-de-la-cso module-10-problemas-de-ruido-y-polvo module-11-gestion-de-lotes module-12-gestion-de-los-cubos-de-basura-de-los-clientes module-13-verter module-14-lavado module-15-habilidades-de-la-gente module-16-aeropuertos module-17-etica module-18-lo-principal module-19-examen-final-y-retroalimentacion-del-curso module-2-problemas-de-salud module-20-preparacion-del-examen-oral module-21-reconocimientos-y-agradecimientos module-3-conceptos-basicos-de-la-barredora module-4-pre-arranque-del-vehiculo module-5-conduccion-segura module-6-accidentes module-7-tramites-registros-y-post-viaje module-8-funcionamiento-de-la-barredora module-9-sopladores-y-herramientas-de-soplado module-examen-oral post\" >\n\n\t\n\t<section class=\"course-content\">\n\n\t\t<section class=\"entry\">\n\n\t\t\t<h3 class=\"course-title\"><a href=\"https:\/\/www.sweeperschool.com\/es\/course\/operador-de-barredora-certificado-aparcamiento\/\">Operador de barredora certificado por NAPSA - Aparcamiento<\/a><\/h3><div class=\"sensei-course-meta\"><span class=\"course-lesson-count\">51 lecciones<\/span><\/div><ul class=\"course-products\"><li class=\"course-product\"><span class=\"course-product-title\">Certified Sweeping Operator - Parking Lot (Es)<\/span> - <span class=\"course-product-price price\"><span class=\"woocommerce-Price-amount amount\"><span class=\"woocommerce-Price-currencySymbol\">&#036;<\/span>90.00<\/span><\/span><\/li><\/ul><a href=\"https:\/\/www.sweeperschool.com\/es\/course\/operador-de-barredora-certificado-aparcamiento\/\" title=\"Operador de barredora certificado por NAPSA - Aparcamiento\"><img loading=\"lazy\" decoding=\"async\" width=\"200\" height=\"139\" src=\"https:\/\/www.sweeperschool.com\/wp-content\/uploads\/2019\/10\/CSO-parkinglot-logo.png\" class=\"woo-image thumbnail alignleft wp-post-image\" alt=\"\" \/><\/a>\n\t\t\t\n\t\t\t<p class=\"course-excerpt\">\n\n\t\t\t\tSi es miembro de la NAPSA, env\u00ede un correo electr\u00f3nico a info@powersweeping.org para obtener un c\u00f3digo de descuento del 50%.\n\t\t\t<\/p>\n\n\t\t\t\n\t\t\t\t\t\t<p class=\"sensei-free-lessons\">\n\t\t\t\t<a href=\"https:\/\/www.sweeperschool.com\/es\/course\/operador-de-barredora-certificado-aparcamiento\/\">\n\t\t\t\t\tPrevisualizar este curso\t\t\t\t<\/a>\n\t\t\t\t-\n\t\t\t\t(1 lecciones de previsualizaci\u00f3n)\t\t\t<\/p>\n\n\t\t\t\n\t\t<\/section> <!-- section .entry -->\n\n\t<\/section> <!-- section .course-content -->\n\n\t\n\n<\/li>\n\n\t\n<\/ul>\n\n\n","protected":false},"excerpt":{"rendered":"","protected":false},"author":1,"featured_media":0,"parent":0,"menu_order":0,"comment_status":"closed","ping_status":"open","template":"","meta":{"footnotes":""},"class_list":["post-8599","page","type-page","status-publish","hentry","post"],"yoast_head":"<!-- This site is optimized with the Yoast SEO plugin v27.3 - https:\/\/yoast.com\/product\/yoast-seo-wordpress\/ -->\n<title>Cursos de formaci\u00f3n para operarios de barredoras, gerentes y personal de flota<\/title>\n<meta name=\"description\" content=\"Los programas y cursos creados para la Escuela de Barredores son el producto de a\u00f1os de colaboraci\u00f3n entre los miembros m\u00e1s experimentados de la NAPSA, cada uno de ellos dise\u00f1ado para equipar a usted y a sus empleados con el conocimiento de las normas y mejores pr\u00e1cticas de la industria.\" \/>\n<meta name=\"robots\" content=\"index, follow, max-snippet:-1, max-image-preview:large, max-video-preview:-1\" \/>\n<link rel=\"canonical\" href=\"https:\/\/www.sweeperschool.com\/es\/cursos\/\" \/>\n<meta property=\"og:locale\" content=\"es_ES\" \/>\n<meta property=\"og:type\" content=\"article\" \/>\n<meta property=\"og:title\" content=\"Cursos de formaci\u00f3n para operarios de barredoras, gerentes y personal de flota\" \/>\n<meta property=\"og:description\" content=\"Los programas y cursos creados para la Escuela de Barredores son el producto de a\u00f1os de colaboraci\u00f3n entre los miembros m\u00e1s experimentados de la NAPSA, cada uno de ellos dise\u00f1ado para equipar a usted y a sus empleados con el conocimiento de las normas y mejores pr\u00e1cticas de la industria.\" \/>\n<meta property=\"og:url\" content=\"https:\/\/www.sweeperschool.com\/es\/cursos\/\" \/>\n<meta property=\"og:site_name\" content=\"Certified Sweeping Industry Education\" \/>\n<meta name=\"twitter:card\" content=\"summary_large_image\" \/>\n<script type=\"application\/ld+json\" class=\"yoast-schema-graph\">{\"@context\":\"https:\\\/\\\/schema.org\",\"@graph\":[{\"@type\":\"WebPage\",\"@id\":\"https:\\\/\\\/www.sweeperschool.com\\\/es\\\/cursos\\\/\",\"url\":\"https:\\\/\\\/www.sweeperschool.com\\\/es\\\/cursos\\\/\",\"name\":\"Cursos de formaci\u00f3n para operarios de barredoras, gerentes y personal de flota\",\"isPartOf\":{\"@id\":\"https:\\\/\\\/www.sweeperschool.com\\\/#website\"},\"datePublished\":\"2022-05-11T19:53:40+00:00\",\"description\":\"Los programas y cursos creados para la Escuela de Barredores son el producto de a\u00f1os de colaboraci\u00f3n entre los miembros m\u00e1s experimentados de la NAPSA, cada uno de ellos dise\u00f1ado para equipar a usted y a sus empleados con el conocimiento de las normas y mejores pr\u00e1cticas de la industria.\",\"breadcrumb\":{\"@id\":\"https:\\\/\\\/www.sweeperschool.com\\\/es\\\/cursos\\\/#breadcrumb\"},\"inLanguage\":\"es\",\"potentialAction\":[{\"@type\":\"ReadAction\",\"target\":[\"https:\\\/\\\/www.sweeperschool.com\\\/es\\\/cursos\\\/\"]}]},{\"@type\":\"BreadcrumbList\",\"@id\":\"https:\\\/\\\/www.sweeperschool.com\\\/es\\\/cursos\\\/#breadcrumb\",\"itemListElement\":[{\"@type\":\"ListItem\",\"position\":1,\"name\":\"Home\",\"item\":\"https:\\\/\\\/www.sweeperschool.com\\\/es\\\/\"},{\"@type\":\"ListItem\",\"position\":2,\"name\":\"Cursos\"}]},{\"@type\":\"WebSite\",\"@id\":\"https:\\\/\\\/www.sweeperschool.com\\\/#website\",\"url\":\"https:\\\/\\\/www.sweeperschool.com\\\/\",\"name\":\"Certified Sweeping Industry Education\",\"description\":\"North American Power Sweeping Association\",\"publisher\":{\"@id\":\"https:\\\/\\\/www.sweeperschool.com\\\/#organization\"},\"potentialAction\":[{\"@type\":\"SearchAction\",\"target\":{\"@type\":\"EntryPoint\",\"urlTemplate\":\"https:\\\/\\\/www.sweeperschool.com\\\/?s={search_term_string}\"},\"query-input\":{\"@type\":\"PropertyValueSpecification\",\"valueRequired\":true,\"valueName\":\"search_term_string\"}}],\"inLanguage\":\"es\"},{\"@type\":\"Organization\",\"@id\":\"https:\\\/\\\/www.sweeperschool.com\\\/#organization\",\"name\":\"Certified Sweeping Industry Education\",\"url\":\"https:\\\/\\\/www.sweeperschool.com\\\/\",\"logo\":{\"@type\":\"ImageObject\",\"inLanguage\":\"es\",\"@id\":\"https:\\\/\\\/www.sweeperschool.com\\\/#\\\/schema\\\/logo\\\/image\\\/\",\"url\":\"https:\\\/\\\/www.sweeperschool.com\\\/wp-content\\\/uploads\\\/2019\\\/10\\\/cropped-sweeperschool-logo.png\",\"contentUrl\":\"https:\\\/\\\/www.sweeperschool.com\\\/wp-content\\\/uploads\\\/2019\\\/10\\\/cropped-sweeperschool-logo.png\",\"width\":717,\"height\":110,\"caption\":\"Certified Sweeping Industry Education\"},\"image\":{\"@id\":\"https:\\\/\\\/www.sweeperschool.com\\\/#\\\/schema\\\/logo\\\/image\\\/\"}}]}<\/script>\n<!-- \/ Yoast SEO plugin. -->","yoast_head_json":{"title":"Cursos de formaci\u00f3n para operarios de barredoras, gerentes y personal de flota","description":"Los programas y cursos creados para la Escuela de Barredores son el producto de a\u00f1os de colaboraci\u00f3n entre los miembros m\u00e1s experimentados de la NAPSA, cada uno de ellos dise\u00f1ado para equipar a usted y a sus empleados con el conocimiento de las normas y mejores pr\u00e1cticas de la industria.","robots":{"index":"index","follow":"follow","max-snippet":"max-snippet:-1","max-image-preview":"max-image-preview:large","max-video-preview":"max-video-preview:-1"},"canonical":"https:\/\/www.sweeperschool.com\/es\/cursos\/","og_locale":"es_ES","og_type":"article","og_title":"Cursos de formaci\u00f3n para operarios de barredoras, gerentes y personal de flota","og_description":"Los programas y cursos creados para la Escuela de Barredores son el producto de a\u00f1os de colaboraci\u00f3n entre los miembros m\u00e1s experimentados de la NAPSA, cada uno de ellos dise\u00f1ado para equipar a usted y a sus empleados con el conocimiento de las normas y mejores pr\u00e1cticas de la industria.","og_url":"https:\/\/www.sweeperschool.com\/es\/cursos\/","og_site_name":"Certified Sweeping Industry Education","twitter_card":"summary_large_image","schema":{"@context":"https:\/\/schema.org","@graph":[{"@type":"WebPage","@id":"https:\/\/www.sweeperschool.com\/es\/cursos\/","url":"https:\/\/www.sweeperschool.com\/es\/cursos\/","name":"Cursos de formaci\u00f3n para operarios de barredoras, gerentes y personal de flota","isPartOf":{"@id":"https:\/\/www.sweeperschool.com\/#website"},"datePublished":"2022-05-11T19:53:40+00:00","description":"Los programas y cursos creados para la Escuela de Barredores son el producto de a\u00f1os de colaboraci\u00f3n entre los miembros m\u00e1s experimentados de la NAPSA, cada uno de ellos dise\u00f1ado para equipar a usted y a sus empleados con el conocimiento de las normas y mejores pr\u00e1cticas de la industria.","breadcrumb":{"@id":"https:\/\/www.sweeperschool.com\/es\/cursos\/#breadcrumb"},"inLanguage":"es","potentialAction":[{"@type":"ReadAction","target":["https:\/\/www.sweeperschool.com\/es\/cursos\/"]}]},{"@type":"BreadcrumbList","@id":"https:\/\/www.sweeperschool.com\/es\/cursos\/#breadcrumb","itemListElement":[{"@type":"ListItem","position":1,"name":"Home","item":"https:\/\/www.sweeperschool.com\/es\/"},{"@type":"ListItem","position":2,"name":"Cursos"}]},{"@type":"WebSite","@id":"https:\/\/www.sweeperschool.com\/#website","url":"https:\/\/www.sweeperschool.com\/","name":"Certified Sweeping Industry Education","description":"North American Power Sweeping Association","publisher":{"@id":"https:\/\/www.sweeperschool.com\/#organization"},"potentialAction":[{"@type":"SearchAction","target":{"@type":"EntryPoint","urlTemplate":"https:\/\/www.sweeperschool.com\/?s={search_term_string}"},"query-input":{"@type":"PropertyValueSpecification","valueRequired":true,"valueName":"search_term_string"}}],"inLanguage":"es"},{"@type":"Organization","@id":"https:\/\/www.sweeperschool.com\/#organization","name":"Certified Sweeping Industry Education","url":"https:\/\/www.sweeperschool.com\/","logo":{"@type":"ImageObject","inLanguage":"es","@id":"https:\/\/www.sweeperschool.com\/#\/schema\/logo\/image\/","url":"https:\/\/www.sweeperschool.com\/wp-content\/uploads\/2019\/10\/cropped-sweeperschool-logo.png","contentUrl":"https:\/\/www.sweeperschool.com\/wp-content\/uploads\/2019\/10\/cropped-sweeperschool-logo.png","width":717,"height":110,"caption":"Certified Sweeping Industry Education"},"image":{"@id":"https:\/\/www.sweeperschool.com\/#\/schema\/logo\/image\/"}}]}},"_links":{"self":[{"href":"https:\/\/www.sweeperschool.com\/es\/wp-json\/wp\/v2\/pages\/8599","targetHints":{"allow":["GET"]}}],"collection":[{"href":"https:\/\/www.sweeperschool.com\/es\/wp-json\/wp\/v2\/pages"}],"about":[{"href":"https:\/\/www.sweeperschool.com\/es\/wp-json\/wp\/v2\/types\/page"}],"author":[{"embeddable":true,"href":"https:\/\/www.sweeperschool.com\/es\/wp-json\/wp\/v2\/users\/1"}],"replies":[{"embeddable":true,"href":"https:\/\/www.sweeperschool.com\/es\/wp-json\/wp\/v2\/comments?post=8599"}],"version-history":[{"count":0,"href":"https:\/\/www.sweeperschool.com\/es\/wp-json\/wp\/v2\/pages\/8599\/revisions"}],"wp:attachment":[{"href":"https:\/\/www.sweeperschool.com\/es\/wp-json\/wp\/v2\/media?parent=8599"}],"curies":[{"name":"wp","href":"https:\/\/api.w.org\/{rel}","templated":true}]}}